{"id":447,"date":"2024-12-21T12:42:27","date_gmt":"2024-12-21T12:42:27","guid":{"rendered":"https:\/\/www.floor-intec.com\/schmieden\/"},"modified":"2025-01-14T09:25:55","modified_gmt":"2025-01-14T09:25:55","slug":"schmieden","status":"publish","type":"page","link":"https:\/\/www.floor-intec.com\/de\/schmieden\/","title":{"rendered":"Schmieden"},"content":{"rendered":"<div class=\"fusion-fullwidth fullwidth-box fusion-builder-row-1 fusion-flex-container has-pattern-background has-mask-background nonhundred-percent-fullwidth non-hundred-percent-height-scrolling\" style=\"background-color: rgba(255,255,255,0);background-position: center center;background-repeat: no-repeat;border-width: 0px 0px 0px 0px;border-color:var(--awb-color3);border-style:solid;\" ><div class=\"fusion-builder-row fusion-row fusion-flex-align-items-flex-start\" style=\"max-width:1248px;margin-left: calc(-4% \/ 2 );margin-right: calc(-4% \/ 2 );\"><div class=\"fusion-layout-column fusion_builder_column fusion-builder-column-0 fusion_builder_column_1_2 1_2 fusion-flex-column fusion-animated\" data-animationType=\"slideInLeft\" data-animationDuration=\"0.8\" data-animationOffset=\"top-into-view\"><div class=\"fusion-column-wrapper fusion-flex-justify-content-flex-start fusion-content-layout-column\" style=\"background-position:left top;background-repeat:no-repeat;-webkit-background-size:cover;-moz-background-size:cover;-o-background-size:cover;background-size:cover;padding: 0px 0px 0px 0px;\"><div class=\"fusion-text fusion-text-1\"><p>Dank unserer langj\u00e4hrigen Erfahrung auf dem Markt wissen wir, dass unsere Kunden die hohe Qualit\u00e4t unserer Dienstleistungen zu sch\u00e4tzen wissen. Was sie aber auch suchen, ist ein One-Stop-Shop und die M\u00f6glichkeit, den gesamten Auftrag bei einem Unternehmen abzuwickeln. Unser Unternehmen bietet ein komplettes Paket an Bodenvorbereitungsdiensten. Sie k\u00f6nnen sich auf die fachkundige Beratung durch unsere erfahrenen Mitarbeiter verlassen, die Ihnen die besten L\u00f6sungen vorschlagen, die genau auf Ihre Bed\u00fcrfnisse zugeschnitten sind. Wir f\u00fchren unsere Arbeit ganzheitlich aus. Deshalb werden die Dienstleistungen Strahlen, Fr\u00e4sen und Schleifen durch Betonschneiden und Schmieden erg\u00e4nzt.<\/p>\n<p>Diese Art der Oberfl\u00e4chenbehandlung wird mit Abbruchh\u00e4mmern, Betons\u00e4gen und Pflasterungsmaschinen durchgef\u00fchrt.<\/p>\n<p>Ein Element der Oberfl\u00e4chenbehandlung, unabh\u00e4ngig von der gew\u00e4hlten Methode (Kugelstrahlen oder Fr\u00e4sen), ist das Schmieden von losen Teilen des besch\u00e4digten Betons und das Schneiden von Furchen.<\/p>\n<p>Wir laden Sie auch ein, einen Blick auf unser Angebot an Kunstharzb\u00f6den zu werfen.<\/p>\n<\/div><\/div><style type=\"text\/css\">.fusion-body .fusion-builder-column-0{width:50% !important;margin-top : 0px;margin-bottom : 20px;}.fusion-builder-column-0 > .fusion-column-wrapper {padding-top : 0px !important;padding-right : 0px !important;margin-right : 3.84%;padding-bottom : 0px !important;padding-left : 0px !important;margin-left : 3.84%;}@media only screen and (max-width:1024px) {.fusion-body .fusion-builder-column-0{width:50% !important;order : 0;}.fusion-builder-column-0 > .fusion-column-wrapper {margin-right : 3.84%;margin-left : 3.84%;}}@media only screen and (max-width:1000px) {.fusion-body .fusion-builder-column-0{width:100% !important;order : 0;}.fusion-builder-column-0 > .fusion-column-wrapper {margin-right : 1.92%;margin-left : 1.92%;}}<\/style><\/div><div class=\"fusion-layout-column fusion_builder_column fusion-builder-column-1 fusion_builder_column_1_2 1_2 fusion-flex-column fusion-animated\" data-animationType=\"slideInLeft\" data-animationDuration=\"0.8\" data-animationOffset=\"top-into-view\"><div class=\"fusion-column-wrapper fusion-flex-justify-content-flex-start fusion-content-layout-column\" style=\"background-position:left top;background-repeat:no-repeat;-webkit-background-size:cover;-moz-background-size:cover;-o-background-size:cover;background-size:cover;padding: 0px 0px 0px 0px;\"><div style=\"text-align:center;\"><style>.fusion-imageframe.imageframe-1{ margin-bottom : 10px;}<\/style><span class=\" fusion-imageframe imageframe-none imageframe-1 hover-type-none\"><img decoding=\"async\" width=\"600\" height=\"450\" src=\"https:\/\/www.floor-intec.com\/wp-content\/uploads\/2024\/12\/wykuwanie.jpg\" data-orig-src=\"http:\/\/www.floor-intec.com\/wp-content\/uploads\/2024\/12\/wykuwanie.jpg\" alt class=\"lazyload img-responsive wp-image-392\" srcset=\"data:image\/svg+xml,%3Csvg%20xmlns%3D%27http%3A%2F%2Fwww.w3.org%2F2000%2Fsvg%27%20width%3D%27600%27%20height%3D%27450%27%20viewBox%3D%270%200%20600%20450%27%3E%3Crect%20width%3D%27600%27%20height%3D%27450%27%20fill-opacity%3D%220%22%2F%3E%3C%2Fsvg%3E\" data-srcset=\"https:\/\/www.floor-intec.com\/wp-content\/uploads\/2024\/12\/wykuwanie-200x150.jpg 200w, https:\/\/www.floor-intec.com\/wp-content\/uploads\/2024\/12\/wykuwanie-400x300.jpg 400w, https:\/\/www.floor-intec.com\/wp-content\/uploads\/2024\/12\/wykuwanie.jpg 600w\" data-sizes=\"auto\" data-orig-sizes=\"(max-width: 1000px) 100vw, 600px\" \/><\/span><\/div><\/div><style type=\"text\/css\">.fusion-body .fusion-builder-column-1{width:50% !important;margin-top : 0px;margin-bottom : 20px;}.fusion-builder-column-1 > .fusion-column-wrapper {padding-top : 0px !important;padding-right : 0px !important;margin-right : 3.84%;padding-bottom : 0px !important;padding-left : 0px !important;margin-left : 3.84%;}@media only screen and (max-width:1024px) {.fusion-body .fusion-builder-column-1{width:50% !important;order : 0;}.fusion-builder-column-1 > .fusion-column-wrapper {margin-right : 3.84%;margin-left : 3.84%;}}@media only screen and (max-width:1000px) {.fusion-body .fusion-builder-column-1{width:100% !important;order : 0;}.fusion-builder-column-1 > .fusion-column-wrapper {margin-right : 1.92%;margin-left : 1.92%;}}<\/style><\/div><\/div><style type=\"text\/css\">.fusion-body .fusion-flex-container.fusion-builder-row-1{ padding-top : 50px;margin-top : 0px;padding-right : 0px;padding-bottom : 40px;margin-bottom : 0px;padding-left : 0px;}<\/style><\/div>\n","protected":false},"excerpt":{"rendered":"","protected":false},"author":2,"featured_media":0,"parent":0,"menu_order":0,"comment_status":"closed","ping_status":"closed","template":"100-width.php","meta":{"footnotes":""},"yoast_head":"<!-- This site is optimized with the Yoast SEO plugin v19.9 - https:\/\/yoast.com\/wordpress\/plugins\/seo\/ -->\n<title>Schmieden - Floor-intec<\/title>\n<meta name=\"robots\" content=\"index, follow, max-snippet:-1, max-image-preview:large, max-video-preview:-1\" \/>\n<link rel=\"canonical\" href=\"https:\/\/www.floor-intec.com\/de\/schmieden\/\" \/>\n<meta property=\"og:locale\" content=\"de_DE\" \/>\n<meta property=\"og:type\" content=\"article\" \/>\n<meta property=\"og:title\" content=\"Schmieden - Floor-intec\" \/>\n<meta property=\"og:url\" content=\"https:\/\/www.floor-intec.com\/de\/schmieden\/\" \/>\n<meta property=\"og:site_name\" content=\"Floor-intec\" \/>\n<meta property=\"article:modified_time\" content=\"2025-01-14T09:25:55+00:00\" \/>\n<meta name=\"twitter:card\" content=\"summary_large_image\" \/>\n<meta name=\"twitter:label1\" content=\"Gesch\u00e4tzte Lesezeit\" \/>\n\t<meta name=\"twitter:data1\" content=\"8\u00a0Minuten\" \/>\n<script type=\"application\/ld+json\" class=\"yoast-schema-graph\">{\"@context\":\"https:\/\/schema.org\",\"@graph\":[{\"@type\":\"WebPage\",\"@id\":\"https:\/\/www.floor-intec.com\/de\/schmieden\/\",\"url\":\"https:\/\/www.floor-intec.com\/de\/schmieden\/\",\"name\":\"Schmieden - Floor-intec\",\"isPartOf\":{\"@id\":\"https:\/\/www.floor-intec.com\/en\/#website\"},\"datePublished\":\"2024-12-21T12:42:27+00:00\",\"dateModified\":\"2025-01-14T09:25:55+00:00\",\"breadcrumb\":{\"@id\":\"https:\/\/www.floor-intec.com\/de\/schmieden\/#breadcrumb\"},\"inLanguage\":\"de\",\"potentialAction\":[{\"@type\":\"ReadAction\",\"target\":[\"https:\/\/www.floor-intec.com\/de\/schmieden\/\"]}]},{\"@type\":\"BreadcrumbList\",\"@id\":\"https:\/\/www.floor-intec.com\/de\/schmieden\/#breadcrumb\",\"itemListElement\":[{\"@type\":\"ListItem\",\"position\":1,\"name\":\"Strona g\u0142\u00f3wna\",\"item\":\"https:\/\/www.floor-intec.com\/de\/homepage\/\"},{\"@type\":\"ListItem\",\"position\":2,\"name\":\"Schmieden\"}]},{\"@type\":\"WebSite\",\"@id\":\"https:\/\/www.floor-intec.com\/en\/#website\",\"url\":\"https:\/\/www.floor-intec.com\/en\/\",\"name\":\"Floor-intec\",\"description\":\"Przygotowywanie pod\u0142o\u017ca, \u015brutowanie, frezowanie, szlifowanie\",\"potentialAction\":[{\"@type\":\"SearchAction\",\"target\":{\"@type\":\"EntryPoint\",\"urlTemplate\":\"https:\/\/www.floor-intec.com\/en\/?s={search_term_string}\"},\"query-input\":\"required name=search_term_string\"}],\"inLanguage\":\"de\"}]}<\/script>\n<!-- \/ Yoast SEO plugin. -->","yoast_head_json":{"title":"Schmieden - Floor-intec","robots":{"index":"index","follow":"follow","max-snippet":"max-snippet:-1","max-image-preview":"max-image-preview:large","max-video-preview":"max-video-preview:-1"},"canonical":"https:\/\/www.floor-intec.com\/de\/schmieden\/","og_locale":"de_DE","og_type":"article","og_title":"Schmieden - Floor-intec","og_url":"https:\/\/www.floor-intec.com\/de\/schmieden\/","og_site_name":"Floor-intec","article_modified_time":"2025-01-14T09:25:55+00:00","twitter_card":"summary_large_image","twitter_misc":{"Gesch\u00e4tzte Lesezeit":"8\u00a0Minuten"},"schema":{"@context":"https:\/\/schema.org","@graph":[{"@type":"WebPage","@id":"https:\/\/www.floor-intec.com\/de\/schmieden\/","url":"https:\/\/www.floor-intec.com\/de\/schmieden\/","name":"Schmieden - Floor-intec","isPartOf":{"@id":"https:\/\/www.floor-intec.com\/en\/#website"},"datePublished":"2024-12-21T12:42:27+00:00","dateModified":"2025-01-14T09:25:55+00:00","breadcrumb":{"@id":"https:\/\/www.floor-intec.com\/de\/schmieden\/#breadcrumb"},"inLanguage":"de","potentialAction":[{"@type":"ReadAction","target":["https:\/\/www.floor-intec.com\/de\/schmieden\/"]}]},{"@type":"BreadcrumbList","@id":"https:\/\/www.floor-intec.com\/de\/schmieden\/#breadcrumb","itemListElement":[{"@type":"ListItem","position":1,"name":"Strona g\u0142\u00f3wna","item":"https:\/\/www.floor-intec.com\/de\/homepage\/"},{"@type":"ListItem","position":2,"name":"Schmieden"}]},{"@type":"WebSite","@id":"https:\/\/www.floor-intec.com\/en\/#website","url":"https:\/\/www.floor-intec.com\/en\/","name":"Floor-intec","description":"Przygotowywanie pod\u0142o\u017ca, \u015brutowanie, frezowanie, szlifowanie","potentialAction":[{"@type":"SearchAction","target":{"@type":"EntryPoint","urlTemplate":"https:\/\/www.floor-intec.com\/en\/?s={search_term_string}"},"query-input":"required name=search_term_string"}],"inLanguage":"de"}]}},"_links":{"self":[{"href":"https:\/\/www.floor-intec.com\/de\/wp-json\/wp\/v2\/pages\/447"}],"collection":[{"href":"https:\/\/www.floor-intec.com\/de\/wp-json\/wp\/v2\/pages"}],"about":[{"href":"https:\/\/www.floor-intec.com\/de\/wp-json\/wp\/v2\/types\/page"}],"author":[{"embeddable":true,"href":"https:\/\/www.floor-intec.com\/de\/wp-json\/wp\/v2\/users\/2"}],"replies":[{"embeddable":true,"href":"https:\/\/www.floor-intec.com\/de\/wp-json\/wp\/v2\/comments?post=447"}],"version-history":[{"count":2,"href":"https:\/\/www.floor-intec.com\/de\/wp-json\/wp\/v2\/pages\/447\/revisions"}],"predecessor-version":[{"id":452,"href":"https:\/\/www.floor-intec.com\/de\/wp-json\/wp\/v2\/pages\/447\/revisions\/452"}],"wp:attachment":[{"href":"https:\/\/www.floor-intec.com\/de\/wp-json\/wp\/v2\/media?parent=447"}],"curies":[{"name":"wp","href":"https:\/\/api.w.org\/{rel}","templated":true}]}}